{"id":24,"date":"2008-04-16T00:49:22","date_gmt":"2008-04-15T22:49:22","guid":{"rendered":"http:\/\/new.johannesstockburger.com\/johannes-stockburger\/"},"modified":"2024-04-30T19:30:34","modified_gmt":"2024-04-30T18:30:34","slug":"johannes-stockburger","status":"publish","type":"page","link":"https:\/\/www.johannesstockburger.com\/blog\/johannes-stockburger\/","title":{"rendered":"\u00dcber Johannes Stockburger"},"content":{"rendered":"<p>Geboren 1955 habe ich 1973 das Abitur gemacht. Nach Wehrdienst und abgebrochenem Physikstudium bis 1987 politisch aktiv. Mein besonderes Anliegen war &#8211; und ist &#8211; das Wohlergehen der Menschen in den \u00e4rmeren L\u00e4ndern dieser Welt. Und: Zu verhindern, dass es jemals wieder einen deutschen Versuch geben kann, Europa oder die Welt zu unterwerfen.<br \/>\nZum Ende des kalten Krieges habe ich beschlossen, mich von der defensiven Position des Verhinderns zu l\u00f6sen und nach positiven L\u00f6sungen zu suchen.<br \/>\nIch habe dann u.a. in der Naturkostbranche gearbeitet und neben dem Beruf ein Fernstudium in Business Administration gemacht und im Jahr 2000 als MBA abgeschlossen.<br \/>\nNach einem Jahrzehnt im Vertrieb von Flugreisen arbeite ich nun als \u00dcbersetzer, Publizist im Internet und bewerte Suchergebnisse f\u00fcr einen gro\u00dfen Anbieter von Suchmaschinen im Internet.<\/p>\n","protected":false},"excerpt":{"rendered":"<p>Geboren 1955 habe ich 1973 das Abitur gemacht. Nach Wehrdienst und abgebrochenem Physikstudium bis 1987 politisch aktiv. Mein besonderes Anliegen war &#8211; und ist &#8211; das Wohlergehen der Menschen in den \u00e4rmeren L\u00e4ndern dieser Welt. Und: Zu verhindern, dass es jemals wieder einen deutschen Versuch geben kann, Europa oder die Welt zu unterwerfen. Zum Ende &hellip; <a href=\"https:\/\/www.johannesstockburger.com\/blog\/johannes-stockburger\/\" class=\"more-link\"><span class=\"screen-reader-text\">\u00dcber Johannes Stockburger<\/span> weiterlesen<\/a><\/p>\n","protected":false},"author":1,"featured_media":0,"parent":0,"menu_order":0,"comment_status":"open","ping_status":"closed","template":"","meta":{"jetpack_post_was_ever_published":false,"footnotes":""},"class_list":["post-24","page","type-page","status-publish","hentry"],"yoast_head":"<!-- This site is optimized with the Yoast SEO plugin v27.2 - https:\/\/yoast.com\/product\/yoast-seo-wordpress\/ -->\n<title>\u00dcber Johannes Stockburger<\/title>\n<meta name=\"description\" content=\"Kurze Information zum Leben und Wirken von Johannes Stockburger\" \/>\n<meta name=\"robots\" content=\"noindex, follow, max-snippet:-1, max-image-preview:large, max-video-preview:-1\" \/>\n<meta property=\"og:locale\" content=\"de_DE\" \/>\n<meta property=\"og:type\" content=\"article\" \/>\n<meta property=\"og:title\" content=\"\u00dcber Johannes Stockburger\" \/>\n<meta property=\"og:description\" content=\"Kurze Information zum Leben und Wirken von Johannes Stockburger\" \/>\n<meta property=\"og:url\" content=\"https:\/\/www.johannesstockburger.com\/blog\/johannes-stockburger\/\" \/>\n<meta property=\"og:site_name\" content=\"Leben in Kafkaland\" \/>\n<meta property=\"article:publisher\" content=\"https:\/\/www.facebook.com\/johannes.stockburger\" \/>\n<meta property=\"article:modified_time\" content=\"2024-04-30T18:30:34+00:00\" \/>\n<meta name=\"twitter:label1\" content=\"Gesch\u00e4tzte Lesezeit\" \/>\n\t<meta name=\"twitter:data1\" content=\"1\u00a0Minute\" \/>\n<script type=\"application\/ld+json\" class=\"yoast-schema-graph\">{\"@context\":\"https:\/\/schema.org\",\"@graph\":[{\"@type\":\"WebPage\",\"@id\":\"https:\/\/www.johannesstockburger.com\/blog\/johannes-stockburger\/\",\"url\":\"https:\/\/www.johannesstockburger.com\/blog\/johannes-stockburger\/\",\"name\":\"\u00dcber Johannes Stockburger\",\"isPartOf\":{\"@id\":\"https:\/\/www.johannesstockburger.com\/blog\/#website\"},\"datePublished\":\"2008-04-15T22:49:22+00:00\",\"dateModified\":\"2024-04-30T18:30:34+00:00\",\"description\":\"Kurze Information zum Leben und Wirken von Johannes Stockburger\",\"breadcrumb\":{\"@id\":\"https:\/\/www.johannesstockburger.com\/blog\/johannes-stockburger\/#breadcrumb\"},\"inLanguage\":\"de\",\"potentialAction\":[{\"@type\":\"ReadAction\",\"target\":[\"https:\/\/www.johannesstockburger.com\/blog\/johannes-stockburger\/\"]}]},{\"@type\":\"BreadcrumbList\",\"@id\":\"https:\/\/www.johannesstockburger.com\/blog\/johannes-stockburger\/#breadcrumb\",\"itemListElement\":[{\"@type\":\"ListItem\",\"position\":1,\"name\":\"Home\",\"item\":\"https:\/\/www.johannesstockburger.com\/blog\/\"},{\"@type\":\"ListItem\",\"position\":2,\"name\":\"\u00dcber Johannes Stockburger\"}]},{\"@type\":\"WebSite\",\"@id\":\"https:\/\/www.johannesstockburger.com\/blog\/#website\",\"url\":\"https:\/\/www.johannesstockburger.com\/blog\/\",\"name\":\"Leben in Kafkaland\",\"description\":\"Wenn die Wahrheit die Flucht ergreift.\",\"potentialAction\":[{\"@type\":\"SearchAction\",\"target\":{\"@type\":\"EntryPoint\",\"urlTemplate\":\"https:\/\/www.johannesstockburger.com\/blog\/?s={search_term_string}\"},\"query-input\":{\"@type\":\"PropertyValueSpecification\",\"valueRequired\":true,\"valueName\":\"search_term_string\"}}],\"inLanguage\":\"de\"}]}<\/script>\n<!-- \/ Yoast SEO plugin. -->","yoast_head_json":{"title":"\u00dcber Johannes Stockburger","description":"Kurze Information zum Leben und Wirken von Johannes Stockburger","robots":{"index":"noindex","follow":"follow","max-snippet":"max-snippet:-1","max-image-preview":"max-image-preview:large","max-video-preview":"max-video-preview:-1"},"og_locale":"de_DE","og_type":"article","og_title":"\u00dcber Johannes Stockburger","og_description":"Kurze Information zum Leben und Wirken von Johannes Stockburger","og_url":"https:\/\/www.johannesstockburger.com\/blog\/johannes-stockburger\/","og_site_name":"Leben in Kafkaland","article_publisher":"https:\/\/www.facebook.com\/johannes.stockburger","article_modified_time":"2024-04-30T18:30:34+00:00","twitter_misc":{"Gesch\u00e4tzte Lesezeit":"1\u00a0Minute"},"schema":{"@context":"https:\/\/schema.org","@graph":[{"@type":"WebPage","@id":"https:\/\/www.johannesstockburger.com\/blog\/johannes-stockburger\/","url":"https:\/\/www.johannesstockburger.com\/blog\/johannes-stockburger\/","name":"\u00dcber Johannes Stockburger","isPartOf":{"@id":"https:\/\/www.johannesstockburger.com\/blog\/#website"},"datePublished":"2008-04-15T22:49:22+00:00","dateModified":"2024-04-30T18:30:34+00:00","description":"Kurze Information zum Leben und Wirken von Johannes Stockburger","breadcrumb":{"@id":"https:\/\/www.johannesstockburger.com\/blog\/johannes-stockburger\/#breadcrumb"},"inLanguage":"de","potentialAction":[{"@type":"ReadAction","target":["https:\/\/www.johannesstockburger.com\/blog\/johannes-stockburger\/"]}]},{"@type":"BreadcrumbList","@id":"https:\/\/www.johannesstockburger.com\/blog\/johannes-stockburger\/#breadcrumb","itemListElement":[{"@type":"ListItem","position":1,"name":"Home","item":"https:\/\/www.johannesstockburger.com\/blog\/"},{"@type":"ListItem","position":2,"name":"\u00dcber Johannes Stockburger"}]},{"@type":"WebSite","@id":"https:\/\/www.johannesstockburger.com\/blog\/#website","url":"https:\/\/www.johannesstockburger.com\/blog\/","name":"Leben in Kafkaland","description":"Wenn die Wahrheit die Flucht ergreift.","potentialAction":[{"@type":"SearchAction","target":{"@type":"EntryPoint","urlTemplate":"https:\/\/www.johannesstockburger.com\/blog\/?s={search_term_string}"},"query-input":{"@type":"PropertyValueSpecification","valueRequired":true,"valueName":"search_term_string"}}],"inLanguage":"de"}]}},"jetpack-related-posts":[],"jetpack_sharing_enabled":true,"_links":{"self":[{"href":"https:\/\/www.johannesstockburger.com\/blog\/wp-json\/wp\/v2\/pages\/24","targetHints":{"allow":["GET"]}}],"collection":[{"href":"https:\/\/www.johannesstockburger.com\/blog\/wp-json\/wp\/v2\/pages"}],"about":[{"href":"https:\/\/www.johannesstockburger.com\/blog\/wp-json\/wp\/v2\/types\/page"}],"author":[{"embeddable":true,"href":"https:\/\/www.johannesstockburger.com\/blog\/wp-json\/wp\/v2\/users\/1"}],"replies":[{"embeddable":true,"href":"https:\/\/www.johannesstockburger.com\/blog\/wp-json\/wp\/v2\/comments?post=24"}],"version-history":[{"count":0,"href":"https:\/\/www.johannesstockburger.com\/blog\/wp-json\/wp\/v2\/pages\/24\/revisions"}],"wp:attachment":[{"href":"https:\/\/www.johannesstockburger.com\/blog\/wp-json\/wp\/v2\/media?parent=24"}],"curies":[{"name":"wp","href":"https:\/\/api.w.org\/{rel}","templated":true}]}}