{"id":347,"date":"2011-01-15T22:31:25","date_gmt":"2011-01-15T21:31:25","guid":{"rendered":"http:\/\/www.johannesstockburger.com\/"},"modified":"2018-06-27T14:43:35","modified_gmt":"2018-06-27T13:43:35","slug":"nutzungsbedingungen","status":"publish","type":"page","link":"https:\/\/www.johannesstockburger.com\/blog\/nutzungsbedingungen\/","title":{"rendered":"Nutzungsbedingungen"},"content":{"rendered":"<p>Mit der Nutzung dieses Internetangebotes stimmen Sie den folgenden Nutzungsbedingungen zu:<\/p>\n<ol>\n<li>Sie verpflichten sich die Inhalte dieses Webangebotes in verantwortlicher Weise zu nutzen. Dazu geh\u00f6rt, dass Sie sich selbst ein Urteil \u00fcber die angesprochenen Sachverhalte bilden und selbst die Verantwortungen f\u00fcr die Ergebnisse Ihres eigenen Denkens \u00a0\u00fcbernehmen.<\/li>\n<li>Sie nehmen zur Kenntniss, da\u00df Links Br\u00fccken zu anderen Webseiten sind. Eine solche Br\u00fccke bedeutet nicht, dass ich mir die Aussagen einer solchen dritten Webseite zueigen mache, oder dass Sie das sollten. Ein Link ist zun\u00e4chst nur einen Hinweis auf die Tatsache, dass die verlinkte Seite existiert.<\/li>\n<li>Mit der Nutzung dieser Webseite stimmen Sie diesen Nutzungsbedingungen und unseren <a href=\"https:\/\/www.johannesstockburger.com\/datenschutzerklaerung\/\">Datenschutzrichtlinien<\/a> zu. <\/li>\n<li>Sollten Sie diesen <a href=\"https:\/\/www.johannesstockburger.com\/cookies\/\">Datenschutzregelungen<\/a> und diesen Nutzungsbedingungen nicht zustimmen, verpflichten Sie sich, diese Website nicht zu nutzen.<\/li>\n<\/ol>\n","protected":false},"excerpt":{"rendered":"<p>Mit der Nutzung dieses Internetangebotes stimmen Sie den folgenden Nutzungsbedingungen zu: Sie verpflichten sich die Inhalte dieses Webangebotes in verantwortlicher Weise zu nutzen. Dazu geh\u00f6rt, dass Sie sich selbst ein Urteil \u00fcber die angesprochenen Sachverhalte bilden und selbst die Verantwortungen f\u00fcr die Ergebnisse Ihres eigenen Denkens \u00a0\u00fcbernehmen. Sie nehmen zur Kenntniss, da\u00df Links Br\u00fccken zu &hellip; <a href=\"https:\/\/www.johannesstockburger.com\/blog\/nutzungsbedingungen\/\" class=\"more-link\"><span class=\"screen-reader-text\">Nutzungsbedingungen<\/span> weiterlesen<\/a><\/p>\n","protected":false},"author":1,"featured_media":0,"parent":0,"menu_order":0,"comment_status":"open","ping_status":"closed","template":"","meta":{"jetpack_post_was_ever_published":false,"footnotes":""},"class_list":["post-347","page","type-page","status-publish","hentry"],"yoast_head":"<!-- This site is optimized with the Yoast SEO plugin v27.2 - https:\/\/yoast.com\/product\/yoast-seo-wordpress\/ -->\n<title>AGBs und Datenschutz<\/title>\n<meta name=\"description\" content=\"Datenschutzbestimmungen und Nutzungsbedingungen f\u00fcr die Inhalte von Johannesstockburger.com\" \/>\n<meta name=\"robots\" content=\"noindex, follow, max-snippet:-1, max-image-preview:large, max-video-preview:-1\" \/>\n<meta property=\"og:locale\" content=\"de_DE\" \/>\n<meta property=\"og:type\" content=\"article\" \/>\n<meta property=\"og:title\" content=\"AGBs und Datenschutz\" \/>\n<meta property=\"og:description\" content=\"Datenschutzbestimmungen und Nutzungsbedingungen f\u00fcr die Inhalte von Johannesstockburger.com\" \/>\n<meta property=\"og:url\" content=\"https:\/\/www.johannesstockburger.com\/blog\/nutzungsbedingungen\/\" \/>\n<meta property=\"og:site_name\" content=\"Leben in Kafkaland\" \/>\n<meta property=\"article:publisher\" content=\"https:\/\/www.facebook.com\/johannes.stockburger\" \/>\n<meta property=\"article:modified_time\" content=\"2018-06-27T13:43:35+00:00\" \/>\n<meta name=\"twitter:label1\" content=\"Gesch\u00e4tzte Lesezeit\" \/>\n\t<meta name=\"twitter:data1\" content=\"1\u00a0Minute\" \/>\n<script type=\"application\/ld+json\" class=\"yoast-schema-graph\">{\"@context\":\"https:\/\/schema.org\",\"@graph\":[{\"@type\":\"WebPage\",\"@id\":\"https:\/\/www.johannesstockburger.com\/blog\/nutzungsbedingungen\/\",\"url\":\"https:\/\/www.johannesstockburger.com\/blog\/nutzungsbedingungen\/\",\"name\":\"AGBs und Datenschutz\",\"isPartOf\":{\"@id\":\"https:\/\/www.johannesstockburger.com\/blog\/#website\"},\"datePublished\":\"2011-01-15T21:31:25+00:00\",\"dateModified\":\"2018-06-27T13:43:35+00:00\",\"description\":\"Datenschutzbestimmungen und Nutzungsbedingungen f\u00fcr die Inhalte von Johannesstockburger.com\",\"breadcrumb\":{\"@id\":\"https:\/\/www.johannesstockburger.com\/blog\/nutzungsbedingungen\/#breadcrumb\"},\"inLanguage\":\"de\",\"potentialAction\":[{\"@type\":\"ReadAction\",\"target\":[\"https:\/\/www.johannesstockburger.com\/blog\/nutzungsbedingungen\/\"]}]},{\"@type\":\"BreadcrumbList\",\"@id\":\"https:\/\/www.johannesstockburger.com\/blog\/nutzungsbedingungen\/#breadcrumb\",\"itemListElement\":[{\"@type\":\"ListItem\",\"position\":1,\"name\":\"Home\",\"item\":\"https:\/\/www.johannesstockburger.com\/blog\/\"},{\"@type\":\"ListItem\",\"position\":2,\"name\":\"Nutzungsbedingungen\"}]},{\"@type\":\"WebSite\",\"@id\":\"https:\/\/www.johannesstockburger.com\/blog\/#website\",\"url\":\"https:\/\/www.johannesstockburger.com\/blog\/\",\"name\":\"Leben in Kafkaland\",\"description\":\"Wenn die Wahrheit die Flucht ergreift.\",\"potentialAction\":[{\"@type\":\"SearchAction\",\"target\":{\"@type\":\"EntryPoint\",\"urlTemplate\":\"https:\/\/www.johannesstockburger.com\/blog\/?s={search_term_string}\"},\"query-input\":{\"@type\":\"PropertyValueSpecification\",\"valueRequired\":true,\"valueName\":\"search_term_string\"}}],\"inLanguage\":\"de\"}]}<\/script>\n<!-- \/ Yoast SEO plugin. -->","yoast_head_json":{"title":"AGBs und Datenschutz","description":"Datenschutzbestimmungen und Nutzungsbedingungen f\u00fcr die Inhalte von Johannesstockburger.com","robots":{"index":"noindex","follow":"follow","max-snippet":"max-snippet:-1","max-image-preview":"max-image-preview:large","max-video-preview":"max-video-preview:-1"},"og_locale":"de_DE","og_type":"article","og_title":"AGBs und Datenschutz","og_description":"Datenschutzbestimmungen und Nutzungsbedingungen f\u00fcr die Inhalte von Johannesstockburger.com","og_url":"https:\/\/www.johannesstockburger.com\/blog\/nutzungsbedingungen\/","og_site_name":"Leben in Kafkaland","article_publisher":"https:\/\/www.facebook.com\/johannes.stockburger","article_modified_time":"2018-06-27T13:43:35+00:00","twitter_misc":{"Gesch\u00e4tzte Lesezeit":"1\u00a0Minute"},"schema":{"@context":"https:\/\/schema.org","@graph":[{"@type":"WebPage","@id":"https:\/\/www.johannesstockburger.com\/blog\/nutzungsbedingungen\/","url":"https:\/\/www.johannesstockburger.com\/blog\/nutzungsbedingungen\/","name":"AGBs und Datenschutz","isPartOf":{"@id":"https:\/\/www.johannesstockburger.com\/blog\/#website"},"datePublished":"2011-01-15T21:31:25+00:00","dateModified":"2018-06-27T13:43:35+00:00","description":"Datenschutzbestimmungen und Nutzungsbedingungen f\u00fcr die Inhalte von Johannesstockburger.com","breadcrumb":{"@id":"https:\/\/www.johannesstockburger.com\/blog\/nutzungsbedingungen\/#breadcrumb"},"inLanguage":"de","potentialAction":[{"@type":"ReadAction","target":["https:\/\/www.johannesstockburger.com\/blog\/nutzungsbedingungen\/"]}]},{"@type":"BreadcrumbList","@id":"https:\/\/www.johannesstockburger.com\/blog\/nutzungsbedingungen\/#breadcrumb","itemListElement":[{"@type":"ListItem","position":1,"name":"Home","item":"https:\/\/www.johannesstockburger.com\/blog\/"},{"@type":"ListItem","position":2,"name":"Nutzungsbedingungen"}]},{"@type":"WebSite","@id":"https:\/\/www.johannesstockburger.com\/blog\/#website","url":"https:\/\/www.johannesstockburger.com\/blog\/","name":"Leben in Kafkaland","description":"Wenn die Wahrheit die Flucht ergreift.","potentialAction":[{"@type":"SearchAction","target":{"@type":"EntryPoint","urlTemplate":"https:\/\/www.johannesstockburger.com\/blog\/?s={search_term_string}"},"query-input":{"@type":"PropertyValueSpecification","valueRequired":true,"valueName":"search_term_string"}}],"inLanguage":"de"}]}},"jetpack-related-posts":[],"jetpack_sharing_enabled":true,"_links":{"self":[{"href":"https:\/\/www.johannesstockburger.com\/blog\/wp-json\/wp\/v2\/pages\/347","targetHints":{"allow":["GET"]}}],"collection":[{"href":"https:\/\/www.johannesstockburger.com\/blog\/wp-json\/wp\/v2\/pages"}],"about":[{"href":"https:\/\/www.johannesstockburger.com\/blog\/wp-json\/wp\/v2\/types\/page"}],"author":[{"embeddable":true,"href":"https:\/\/www.johannesstockburger.com\/blog\/wp-json\/wp\/v2\/users\/1"}],"replies":[{"embeddable":true,"href":"https:\/\/www.johannesstockburger.com\/blog\/wp-json\/wp\/v2\/comments?post=347"}],"version-history":[{"count":0,"href":"https:\/\/www.johannesstockburger.com\/blog\/wp-json\/wp\/v2\/pages\/347\/revisions"}],"wp:attachment":[{"href":"https:\/\/www.johannesstockburger.com\/blog\/wp-json\/wp\/v2\/media?parent=347"}],"curies":[{"name":"wp","href":"https:\/\/api.w.org\/{rel}","templated":true}]}}